{"id":447,"date":"2018-06-07T05:36:45","date_gmt":"2018-06-07T05:36:45","guid":{"rendered":"https:\/\/problemfix.ee\/home\/"},"modified":"2026-03-21T19:22:07","modified_gmt":"2026-03-21T19:22:07","slug":"home","status":"publish","type":"page","link":"https:\/\/problemfix.ee\/fi\/","title":{"rendered":"Alkuun"},"content":{"rendered":"\n\n\t\t\t<h1>\n\t\t\t\t\tProblemFix 24\/7\n\t\t\t\t<\/h1>\n\t\t\t<h3>\n\t\t\t\t\tYrityksen lopettaminen &#8211; 26 vuoden kokemus\n\t\t\t\t<\/h3>\n\t&#8211; Oy lopettaminen nopeasti ja luotettavasti<br \/>\n&#8211; P\u00e4\u00e4se eroon velkaisesta yrityksest\u00e4<br \/>\n&#8211; OY ja O\u00dc lopettaminen \u2192 luottamuksellisesti ja ammattimaisesti<br \/>\n&#8211; Virolaisten ja Suomalaisten yritysten lopettaminen<br \/>\n&#8211; Velkainen yritys \u2192 ota yhteytt\u00e4 \u2192<br \/>\n\u2192 p\u00e4\u00e4se eroon yrityksest\u00e4 \u2192 p\u00e4\u00e4se eroon veloista ja huolista<br \/>\n&#8211; KAIKKI ON VAIN YHDEN PUHELUN P\u00c4\u00c4SS\u00c4! SOITA ROHKEASTI!<br data-start=\"512\" data-end=\"515\" \/>VASTAAMME PUHELUIHIN HETI JA S\u00c4HK\u00d6POSTEIHIN YLEENS\u00c4 15 MINUUTIN KULUESSA\n\t\t\t<a href=\"#teenused\" target=\"_self\"  role=\"button\">\n\t\t\t\t\t\tLue lis\u00e4\u00e4\n\t\t<\/a>\n\t\n<div class=\"wpcf7 no-js\" id=\"wpcf7-f260-o1\" lang=\"et\" dir=\"ltr\" data-wpcf7-id=\"260\">\n<div class=\"screen-reader-response\"><p role=\"status\" aria-live=\"polite\" aria-atomic=\"true\"><\/p> <ul><\/ul><\/div>\n<form action=\"\/fi\/wp-json\/wp\/v2\/pages\/447#wpcf7-f260-o1\" method=\"post\" class=\"wpcf7-form init\" aria-label=\"Contact form\" novalidate=\"novalidate\" data-status=\"init\">\n<fieldset class=\"hidden-fields-container\"><input type=\"hidden\" name=\"_wpcf7\" value=\"260\" \/><input type=\"hidden\" name=\"_wpcf7_version\" value=\"6.1.5\" \/><input type=\"hidden\" name=\"_wpcf7_locale\" value=\"et\" \/><input type=\"hidden\" name=\"_wpcf7_unit_tag\" value=\"wpcf7-f260-o1\" \/><input type=\"hidden\" name=\"_wpcf7_container_post\" value=\"0\" \/><input type=\"hidden\" name=\"_wpcf7_posted_data_hash\" value=\"\" \/><input type=\"hidden\" name=\"_wpcf7_recaptcha_response\" value=\"\" \/>\n<\/fieldset>\n<p><label> Sinun nimesi*<br \/>\n<span class=\"wpcf7-form-control-wrap\" data-name=\"your-name\"><input size=\"40\" maxlength=\"400\" class=\"wpcf7-form-control wpcf7-text wpcf7-validates-as-required\" aria-required=\"true\" aria-invalid=\"false\" placeholder=\"Nimi\" value=\"\" type=\"text\" name=\"your-name\" \/><\/span> <\/label><br \/>\n<label> S\u00e4hk\u00f6postisi*<br \/>\n<span class=\"wpcf7-form-control-wrap\" data-name=\"your-email\"><input size=\"40\" maxlength=\"400\" class=\"wpcf7-form-control wpcf7-email wpcf7-validates-as-required wpcf7-text wpcf7-validates-as-email\" aria-required=\"true\" aria-invalid=\"false\" placeholder=\"S\u00e4hk\u00f6posti\" value=\"\" type=\"email\" name=\"your-email\" \/><\/span> <\/label><br \/>\n<label> Puhelimesi<br \/>\n<span class=\"wpcf7-form-control-wrap\" data-name=\"your-phone\"><input size=\"40\" maxlength=\"400\" class=\"wpcf7-form-control wpcf7-text\" aria-invalid=\"false\" placeholder=\"Puhelin\" value=\"\" type=\"text\" name=\"your-phone\" \/><\/span> <\/label><br \/>\n<label> Viestisi<br \/>\n<span class=\"wpcf7-form-control-wrap\" data-name=\"your-message\"><textarea cols=\"40\" rows=\"10\" maxlength=\"2000\" class=\"wpcf7-form-control wpcf7-textarea\" aria-invalid=\"false\" placeholder=\"Yrityksen ongelman kuvaus.\" name=\"your-message\"><\/textarea><\/span> <\/label><br \/>\n<span class=\"wpcf7-form-control-wrap\" data-name=\"acceptance-741\"><span class=\"wpcf7-form-control wpcf7-acceptance\"><span class=\"wpcf7-list-item\"><label><input type=\"checkbox\" name=\"acceptance-741\" value=\"1\" aria-invalid=\"false\" \/><span class=\"wpcf7-list-item-label\">Hyv\u00e4ksyn <a href=\"\/privaatsustingimused\">tietosuojak\u00e4yt\u00e4nn\u00f6n<\/a><\/span><\/label><\/span><\/span><\/span><br \/>\n<input class=\"wpcf7-form-control wpcf7-submit has-spinner\" type=\"submit\" value=\"L\u00e4het\u00e4\" \/>\n<\/p><div class=\"wpcf7-response-output\" aria-hidden=\"true\"><\/div>\n<\/form>\n<\/div>\n\n<figure id=\"asutamine\" itemscope itemtype=\"https:\/\/schema.org\/ImageObject\">\n\t\t\t\t<img decoding=\"async\" src=\"https:\/\/problemfix.ee\/wp-content\/uploads\/2020\/02\/Vector.png\" alt=\"Vector\" height=\"66\" width=\"50\" title=\"Vector\" onerror=\"this.style.display='none'\" loading=\"lazy\" \/>\n\t<\/figure>\n\t\t\t<h2>\n\t\t\t\t\tYrityksen lopettaminen\n\t\t\t\t<\/h2>\n\t&#8211; Etk\u00f6 tied\u00e4 miten p\u00e4\u00e4st\u00e4 eroon yrityksest\u00e4? Ongelmallinen yritys?<br \/>\n&#8211; Virolaisten ja Suomalaisten velkaisten ja ongelmallisten yritysten<br \/>\nlopettaminen<br \/>\n&#8211; Yrityksen lopettamisen hinta? Soita rohkeasti. Luottamuksellisuus<br \/>\ntaattu.<br \/>\n&#8211; Ongelmia yrityksen kanssa? O\u00dc ja OY lopettaminen<br \/>\n&#8211; O\u00dc tai OY veloissa? Yrityksen lopettaminen<br \/>\n&#8211; Velkainen yritys? P\u00e4\u00e4se eroon yrityksest\u00e4<br \/>\n&#8211; Ongelmallinen O\u00dc? Yrityksen lopettaminen<br \/>\n&#8211; Osakeyhti\u00f6n lopettaminen<br \/>\n&#8211; P\u00e4\u00e4se eroon velkaisesta yrityksest\u00e4<br \/>\n&#8211; Ratkaisuja ongelmallisille yrityksille<br \/>\n&#8211; MT\u00dc lopettaminen<br \/>\n&#8211; MT\u00dc purkaminen<br \/>\n&#8211; Velkaisen suomalaisen yrityksen lopettaminen<br \/>\n&#8211; O\u00dc lopettaminen &#8211; OY\u00a0lopettaminen<br \/>\n&#8211; Yrityksen lopettaminen<br \/>\n&#8211; O\u00dc poistaminen rekisterist\u00e4\n<figure itemscope itemtype=\"https:\/\/schema.org\/ImageObject\">\n\t\t\t\t<img decoding=\"async\" src=\"https:\/\/problemfix.ee\/wp-content\/uploads\/2020\/02\/Rectangle-13.jpg\" alt=\"Rectangle 13\" height=\"538\" width=\"960\" title=\"Rectangle 13\" onerror=\"this.style.display='none'\" loading=\"lazy\" \/>\n\t<\/figure>\n<figure itemscope itemtype=\"https:\/\/schema.org\/ImageObject\">\n\t\t\t\t<img decoding=\"async\" src=\"https:\/\/problemfix.ee\/wp-content\/uploads\/2020\/02\/Rectangle-13-1.jpg\" alt=\"Rectangle 13 (1)\" height=\"606\" width=\"959\" title=\"Rectangle 13 (1)\" onerror=\"this.style.display='none'\" loading=\"lazy\" \/>\n\t<\/figure>\n<figure id=\"muuk\" itemscope itemtype=\"https:\/\/schema.org\/ImageObject\">\n\t\t\t\t<img decoding=\"async\" src=\"https:\/\/problemfix.ee\/wp-content\/uploads\/2020\/02\/Vector-1.png\" alt=\"Vector (1)\" height=\"66\" width=\"76\" title=\"Vector (1)\" onerror=\"this.style.display='none'\" loading=\"lazy\" \/>\n\t<\/figure>\n\t\t\t<h2>\n\t\t\t\t\tVirolaisen yrityksen myynti  &#8211; Suomalaisen yrityksen myynti\n\t\t\t\t<\/h2>\n\t\n<p>&nbsp;<\/p>\n<figure id=\"ost\" itemscope itemtype=\"https:\/\/schema.org\/ImageObject\">\n\t\t\t\t<img decoding=\"async\" src=\"https:\/\/problemfix.ee\/wp-content\/uploads\/2020\/02\/Group-4.png\" alt=\"Group 4\" height=\"66\" width=\"76\" title=\"Group 4\" onerror=\"this.style.display='none'\" loading=\"lazy\" \/>\n\t<\/figure>\n\t\t\t<h2>\n\t\t\t\t\tVirolaisen yrityksen osto &#8211; Suomalaisen yrityksen osto \n\t\t\t\t<\/h2>\n\t<p>Tarjoa meille myyntiin virolainen tai suomalainen yrityksesi, jonka\u00a0 \u00a0 \u00a0 \u00a0 \u00a0 \u00a0 \u00a0 \u00a0 \u00a0 \u00a0 \u00a0 \u00a0 \u00a0 \u00a0 \u00a0 \u00a0 \u00a0 \u00a0 \u00a0toiminta on pys\u00e4htynyt tai jota et en\u00e4\u00e4 halua jatkaa.<\/p>\n<figure id=\"likvideerimine\" itemscope itemtype=\"https:\/\/schema.org\/ImageObject\">\n\t\t\t\t<img decoding=\"async\" src=\"https:\/\/problemfix.ee\/wp-content\/uploads\/2020\/02\/Vector-3.png\" alt=\"Vector (3)\" height=\"66\" width=\"64\" title=\"Vector (3)\" onerror=\"this.style.display='none'\" loading=\"lazy\" \/>\n\t<\/figure>\n\t\t\t<h2>\n\t\t\t\t\tVirolaisen tai Suomalaisen velkaisen yrityksen lopettaminen\n\t\t\t\t<\/h2>\n\tVELKAISEN OY JA O\u00dc LOPETTAMINEN<br \/>\nMiten p\u00e4\u00e4sen eroon yrityksest\u00e4?<br \/>\nOnko yrityksesi joutunut vaikeuksiin ja on velkoja?<br \/>\nEtk\u00f6 tied\u00e4 miten p\u00e4\u00e4st\u00e4 eroon yrityksest\u00e4?<br \/>\nOta rohkeasti yhteytt\u00e4 &#8211; l\u00f6yd\u00e4mme yhdess\u00e4 varman ja nopean ratkaisun<br \/>\nSoita meille tai t\u00e4yt\u00e4 sivulla oleva yhteydenottolomake<br \/>\n&#8211; eroon velkaisesta yrityksest\u00e4<br \/>\n&#8211; yrityksen lopettaminen veloissa<br \/>\n&#8211; OY veloissa lopettaminen\n<figure id=\"raamatupidamisteenus\" itemscope itemtype=\"https:\/\/schema.org\/ImageObject\">\n\t\t\t\t<img decoding=\"async\" src=\"https:\/\/problemfix.ee\/wp-content\/uploads\/2020\/02\/Calculator.png\" alt=\"Calculator\" height=\"66\" width=\"53\" title=\"Calculator\" onerror=\"this.style.display='none'\" loading=\"lazy\" \/>\n\t<\/figure>\n\t\t\t<h2>\n\t\t\t\t\tLuottamus\n\t\t\t\t<\/h2>\n\tLuottamus syntyy, kun on:<br \/>\n&#8211; vuosikymmenten kokemus \u2192 26 vuotta<br \/>\n&#8211; autettuja yrityksi\u00e4 \u2192 suuri m\u00e4\u00e4r\u00e4<br \/>\n&#8211; luottamuksellisuus \u2192 taattu<br \/>\n&#8211; selke\u00e4 prosessi \u2192 aina\n<figure itemscope itemtype=\"https:\/\/schema.org\/ImageObject\">\n\t\t\t\t<img decoding=\"async\" src=\"https:\/\/problemfix.ee\/wp-content\/uploads\/2020\/02\/Rectangle-14.jpg\" alt=\"Rectangle 14\" height=\"641\" width=\"960\" title=\"Rectangle 14\" onerror=\"this.style.display='none'\" loading=\"lazy\" \/>\n\t<\/figure>\n\t\t\t<h2>\n\t\t\t\t\tMiten p\u00e4\u00e4st\u00e4 eroon velkaisesta yrityksest\u00e4?   Miten p\u00e4\u00e4st\u00e4 eroon virolaisesta tai suomalaisesta yrityksest\u00e4?   Miten p\u00e4\u00e4st\u00e4 eroon velkaisesta virolaisesta tai suomalaisesta yrityksest\u00e4?   Miten p\u00e4\u00e4st\u00e4 eroon ongelmallisesta virolaisesta tai suomalaisesta yrityksest\u00e4?\n\t\t\t\t<\/h2>\n\tYrityksest\u00e4 eroon p\u00e4\u00e4semisen hinta ja ratkaisu:<br \/>\n&#8211; Haluan p\u00e4\u00e4st\u00e4 eroon virolaisesta tai suomalaisesta yrityksest\u00e4<br \/>\n&#8211; Haluan lopettaa velkaisen virolaisen tai suomalaisen yrityksen<br \/>\n&#8211; Haluan poistaa ongelmallisen virolaisen tai suomalaisen yrityksen<br \/>\n&#8211; Haluan sulkea velkaisen O\u00dc tai OY<br \/>\n&#8211; Miten p\u00e4\u00e4st\u00e4 eroon ongelmallisesta yrityksest\u00e4?<br \/>\n&#8211; Miten p\u00e4\u00e4st\u00e4 eroon velkaisesta yrityksest\u00e4?<br \/>\n&#8211; Otan rohkeasti yhteytt\u00e4 t\u00e4h\u00e4n asiantuntevaan yritykseen<br \/>\n&#8211; K\u00e4ymme yhdess\u00e4 l\u00e4pi yritykseni koko tilanteen<br \/>\n&#8211; Yrityksen lopettaminen &#8211; hinta? Soita ProblemFixille<br \/>\n&#8211; Hoidamme koko prosessin alusta loppuun<br \/>\n&#8211; Ja sin\u00e4 p\u00e4\u00e4set eroon stressist\u00e4 ja yrityksen ongelmista<br \/>\nKAIKKI ON VAIN YHDEN PUHELUN P\u00c4\u00c4SS\u00c4! SOITA ROHKEASTI!<br \/>\nVASTAAMME PUHELUIHIN HETI JA S\u00c4HK\u00d6POSTEIHIN YLEENS\u00c4 15 MINUUTIN KULUESSA.\n\t<p>Keit\u00e4 me olemme?<\/p>\n\t\t\t<h2>\n\t\t\t\t\tPROBLEMFIX\n\t\t\t\t<\/h2>\n\t<p>Problemfix O\u00dc, rekisterinumero 16393450. Yrityksen johto on toiminut alalla yli 26 vuotta.<\/p>\nProblemFix tarjoaa yrityksille juridisia palveluja, kuten:<br \/>\n&#8211; yrityksen lopettaminen<br \/>\n&#8211; yrityksen osto ja myynti<br \/>\n&#8211; ratkaisujen l\u00f6yt\u00e4minen yrityksen taloudellisissa vaikeuksissa<br \/>\n&#8211; yrityksen ammattimainen lopettaminen<br \/>\n&#8211; luottamuksellinen juridinen konsultointi<br \/>\nPalvelut yrityksille Virossa ja Suomessa.<br \/>\nPalvelemme viroksi, ven\u00e4j\u00e4ksi, suomeksi ja englanniksi.\n\t\t\t<h2>\n\t\t\t\t\tOlemme aina askelen edell\u00e4!\n\t\t\t\t<\/h2>\n\t\t1,155\n\t\t\t\t\tyrityksen ostoa\/myynti\u00e4\/purkamista\n\t\t1,350\n\t\t\t\t\tkaupparekisterimuutosilmoitusta\n\t\t1,577\n\t\t\t\t\tnotaariasian k\u00e4sittely\u00e4\n\t\t1,577\n\t\t\t\t\ttyytyv\u00e4ist\u00e4 asiakasta \n\t\t\t<h3>\n\t\t\t\t\tVOIT AINA LUOTTAA APUUMME!\n\t\t\t\t<\/h3>\n\t\t\t<p>Takaamme tietojenne luottamuksellisuuden!<\/p>\n\t\t\t<h3>\n\t\t\t\t\tYHTEYSTIEDOT\n\t\t\t\t<\/h3>\n<figure itemscope itemtype=\"https:\/\/schema.org\/ImageObject\">\n\t\t\t\t<img decoding=\"async\" src=\"https:\/\/problemfix.ee\/wp-content\/uploads\/2020\/02\/logo-1-1.png\" alt=\"logo (1)\" height=\"49\" width=\"332\" title=\"logo (1)\" onerror=\"this.style.display='none'\" loading=\"lazy\" \/>\n\t<\/figure>\n\t\t\t<h3>\n\t\t\t\t\tNavigointi\n\t\t\t\t<\/h3>\n\t\t\t<a href=\"#\">Alkuun<\/a><br \/>\n<a href=\"#teenused\">Palvelut<\/a><br \/>\n<a href=\"#firmast\">Tietoa meist\u00e4<\/a><br \/>\n<a href=\"#kontaktid\">Yhteystiedot<\/a>\n\t\t\t<h3>\n\t\t\t\t\tPalvelut\n\t\t\t\t<\/h3>\n\t\t\t<ul>\n<li><a href=\"#asutamine\">Uusien yritysten perustaminen<\/a><\/li>\n<li><a href=\"#muuk\">Yritysten myynti<\/a><\/li>\n<li><a href=\"#ost\">Yritysten osto<\/a><\/li>\n<li><a href=\"#likvideerimine\">Yritystoiminnasta eroon p\u00e4\u00e4seminen<\/a><\/li>\n<li><a href=\"#raamatupidamisteenus\">Kirjanpitopalvelut<\/a><\/li>\n<li><a href=\"#arimuuk\">Velkojen perint\u00e4<\/a><\/li>\n<\/ul>\n\n","protected":false},"excerpt":{"rendered":"<p>ProblemFix 24\/7 Yrityksen lopettaminen &#8211; 26 vuoden kokemus &#8211; Oy lopettaminen nopeasti ja luotettavasti &#8211; P\u00e4\u00e4se eroon velkaisesta yrityksest\u00e4 &#8211; OY ja O\u00dc lopettaminen \u2192 luottamuksellisesti ja ammattimaisesti &#8211; Virolaisten ja Suomalaisten yritysten lopettaminen &#8211; Velkainen yritys \u2192 ota yhteytt\u00e4 \u2192 \u2192 p\u00e4\u00e4se eroon yrityksest\u00e4 \u2192 p\u00e4\u00e4se eroon veloista ja huolista &#8211; KAIKKI ON VAIN [&hellip;]<\/p>\n","protected":false},"author":3,"featured_media":0,"parent":0,"menu_order":0,"comment_status":"closed","ping_status":"closed","template":"","meta":{"site-sidebar-layout":"no-sidebar","site-content-layout":"page-builder","ast-site-content-layout":"full-width-container","site-content-style":"unboxed","site-sidebar-style":"unboxed","ast-global-header-display":"","ast-banner-title-visibility":"","ast-main-header-display":"","ast-hfb-above-header-display":"","ast-hfb-below-header-display":"","ast-hfb-mobile-header-display":"","site-post-title":"disabled","ast-breadcrumbs-content":"","ast-featured-img":"disabled","footer-sml-layout":"","ast-disable-related-posts":"","theme-transparent-header-meta":"default","adv-header-id-meta":"","stick-header-meta":"default","header-above-stick-meta":"","header-main-stick-meta":"","header-below-stick-meta":"","astra-migrate-meta-layouts":"set","ast-page-background-enabled":"default","ast-page-background-meta":{"desktop":{"background-color":"var(--ast-global-color-4)","background-image":"","background-repeat":"repeat","background-position":"center center","background-size":"auto","background-attachment":"scroll","background-type":"","background-media":"","overlay-type":"","overlay-color":"","overlay-opacity":"","overlay-gradient":""},"tablet":{"background-color":"","background-image":"","background-repeat":"repeat","background-position":"center center","background-size":"auto","background-attachment":"scroll","background-type":"","background-media":"","overlay-type":"","overlay-color":"","overlay-opacity":"","overlay-gradient":""},"mobile":{"background-color":"","background-image":"","background-repeat":"repeat","background-position":"center center","background-size":"auto","background-attachment":"scroll","background-type":"","background-media":"","overlay-type":"","overlay-color":"","overlay-opacity":"","overlay-gradient":""}},"ast-content-background-meta":{"desktop":{"background-color":"var(--ast-global-color-5)","background-image":"","background-repeat":"repeat","background-position":"center center","background-size":"auto","background-attachment":"scroll","background-type":"","background-media":"","overlay-type":"","overlay-color":"","overlay-opacity":"","overlay-gradient":""},"tablet":{"background-color":"var(--ast-global-color-5)","background-image":"","background-repeat":"repeat","background-position":"center center","background-size":"auto","background-attachment":"scroll","background-type":"","background-media":"","overlay-type":"","overlay-color":"","overlay-opacity":"","overlay-gradient":""},"mobile":{"background-color":"var(--ast-global-color-5)","background-image":"","background-repeat":"repeat","background-position":"center center","background-size":"auto","background-attachment":"scroll","background-type":"","background-media":"","overlay-type":"","overlay-color":"","overlay-opacity":"","overlay-gradient":""}},"footnotes":""},"class_list":["post-447","page","type-page","status-publish","hentry"],"_links":{"self":[{"href":"https:\/\/problemfix.ee\/fi\/wp-json\/wp\/v2\/pages\/447","targetHints":{"allow":["GET"]}}],"collection":[{"href":"https:\/\/problemfix.ee\/fi\/wp-json\/wp\/v2\/pages"}],"about":[{"href":"https:\/\/problemfix.ee\/fi\/wp-json\/wp\/v2\/types\/page"}],"author":[{"embeddable":true,"href":"https:\/\/problemfix.ee\/fi\/wp-json\/wp\/v2\/users\/3"}],"replies":[{"embeddable":true,"href":"https:\/\/problemfix.ee\/fi\/wp-json\/wp\/v2\/comments?post=447"}],"version-history":[{"count":32,"href":"https:\/\/problemfix.ee\/fi\/wp-json\/wp\/v2\/pages\/447\/revisions"}],"predecessor-version":[{"id":837,"href":"https:\/\/problemfix.ee\/fi\/wp-json\/wp\/v2\/pages\/447\/revisions\/837"}],"wp:attachment":[{"href":"https:\/\/problemfix.ee\/fi\/wp-json\/wp\/v2\/media?parent=447"}],"curies":[{"name":"wp","href":"https:\/\/api.w.org\/{rel}","templated":true}]}}